{"id":140,"date":"2022-01-30T22:32:48","date_gmt":"2022-01-30T21:32:48","guid":{"rendered":"https:\/\/www.hisgeoarch.eu\/?page_id=140"},"modified":"2022-02-28T12:18:11","modified_gmt":"2022-02-28T11:18:11","slug":"history-of-the-carpathian-basin-and-hungary-on-thematic-maps","status":"publish","type":"page","link":"https:\/\/www.hisgeoarch.eu\/","title":{"rendered":""},"content":{"rendered":"\r\n<h4 style=\"text-align: center;\"><strong>A K\u00c1RP\u00c1T-MEDENCE \u00c9S MAGYARORSZ\u00c1G T\u00d6RT\u00c9NETE TEMATIKUS T\u00c9RK\u00c9PEKEN<\/strong><\/h4>\r\n<h4 style=\"text-align: center;\">GEOGRAPHICAL, HISTORICAL, ARCHAEOLOGICAL, HISTORICAL GEOGRAPHY AND LANDSCAPE GEOGRAPHIC MAPS<\/h4>\r\n<p style=\"text-align: center;\"><a href=\"https:\/\/www.hisgeoarch.eu\/wp-content\/uploads\/2022\/01\/KarpMed-domborzatuj22-1.jpg\"><img loading=\"lazy\" decoding=\"async\" width=\"1024\" height=\"694\" class=\"wp-image-186\" src=\"https:\/\/www.hisgeoarch.eu\/wp-content\/uploads\/2022\/01\/KarpMed-domborzatuj22-1-1024x694.jpg\" alt=\"\" srcset=\"https:\/\/www.hisgeoarch.eu\/wp-content\/uploads\/2022\/01\/KarpMed-domborzatuj22-1-1024x694.jpg 1024w, https:\/\/www.hisgeoarch.eu\/wp-content\/uploads\/2022\/01\/KarpMed-domborzatuj22-1-768x521.jpg 768w, https:\/\/www.hisgeoarch.eu\/wp-content\/uploads\/2022\/01\/KarpMed-domborzatuj22-1-1536x1042.jpg 1536w, https:\/\/www.hisgeoarch.eu\/wp-content\/uploads\/2022\/01\/KarpMed-domborzatuj22-1-2048x1389.jpg 2048w, https:\/\/www.hisgeoarch.eu\/wp-content\/uploads\/2022\/01\/KarpMed-domborzatuj22-1-398x270.jpg 398w\" sizes=\"auto, (max-width: 1024px) 100vw, 1024px\" \/><\/a><br \/>TOPOGRAPHY AND HYDROGRAPHY OF THE CARPATHIAN BASIN<\/p>\r\n\r\n\r\n\r\n\r\n","protected":false},"excerpt":{"rendered":"<p>A K\u00c1RP\u00c1T-MEDENCE \u00c9S MAGYARORSZ\u00c1G T\u00d6RT\u00c9NETE TEMATIKUS T\u00c9RK\u00c9PEKEN GEOGRAPHICAL, HISTORICAL, ARCHAEOLOGICAL, HISTORICAL GEOGRAPHY AND LANDSCAPE GEOGRAPHIC MAPS TOPOGRAPHY AND HYDROGRAPHY OF THE CARPATHIAN BASIN<\/p>\n","protected":false},"author":1,"featured_media":0,"parent":0,"menu_order":0,"comment_status":"closed","ping_status":"closed","template":"","meta":{"footnotes":""},"class_list":["post-140","page","type-page","status-publish","hentry"],"_links":{"self":[{"href":"https:\/\/www.hisgeoarch.eu\/index.php?rest_route=\/wp\/v2\/pages\/140","targetHints":{"allow":["GET"]}}],"collection":[{"href":"https:\/\/www.hisgeoarch.eu\/index.php?rest_route=\/wp\/v2\/pages"}],"about":[{"href":"https:\/\/www.hisgeoarch.eu\/index.php?rest_route=\/wp\/v2\/types\/page"}],"author":[{"embeddable":true,"href":"https:\/\/www.hisgeoarch.eu\/index.php?rest_route=\/wp\/v2\/users\/1"}],"replies":[{"embeddable":true,"href":"https:\/\/www.hisgeoarch.eu\/index.php?rest_route=%2Fwp%2Fv2%2Fcomments&post=140"}],"version-history":[{"count":28,"href":"https:\/\/www.hisgeoarch.eu\/index.php?rest_route=\/wp\/v2\/pages\/140\/revisions"}],"predecessor-version":[{"id":272,"href":"https:\/\/www.hisgeoarch.eu\/index.php?rest_route=\/wp\/v2\/pages\/140\/revisions\/272"}],"wp:attachment":[{"href":"https:\/\/www.hisgeoarch.eu\/index.php?rest_route=%2Fwp%2Fv2%2Fmedia&parent=140"}],"curies":[{"name":"wp","href":"https:\/\/api.w.org\/{rel}","templated":true}]}}