{"id":63,"date":"2022-01-26T13:45:43","date_gmt":"2022-01-26T12:45:43","guid":{"rendered":"https:\/\/www.hisgeoarch.eu\/?page_id=63"},"modified":"2024-12-21T12:34:44","modified_gmt":"2024-12-21T11:34:44","slug":"medieval-period-borsod-county-in-the-15th-century","status":"publish","type":"page","link":"https:\/\/www.hisgeoarch.eu\/?page_id=63","title":{"rendered":"Borsod County in the 15th century"},"content":{"rendered":"\r\n<div class=\"wp-block-group\"><div class=\"wp-block-group__inner-container is-layout-flow wp-block-group-is-layout-flow\">\r\n<div class=\"wp-block-media-text alignwide is-stacked-on-mobile\" style=\"grid-template-columns: 23% auto;\">\r\n<figure class=\"wp-block-media-text__media\"><a href=\"https:\/\/www.hisgeoarch.eu\/wp-content\/uploads\/2022\/01\/Borsodvarmtajtiptelep2-scaled.jpg\"><img decoding=\"async\" class=\"wp-image-65 size-full\" src=\"https:\/\/www.hisgeoarch.eu\/wp-content\/uploads\/2022\/01\/Borsodvarmtajtiptelep2-976x1024.jpg\" alt=\"\" \/><\/a><\/figure>\r\n<div class=\"wp-block-media-text__content\">\r\n<p id=\"historical-landscape-types-of-borsod-county-in-the-15th-centuryby-gabor-csullogpublished-torteneti-foldrajzi-kozlemenyek-2021-1-2-p-69\"><strong>Historical landscape types of Borsod county in the 15th century<\/strong><br \/><em>by G\u00e1bor Cs\u00fcll\u00f6g<\/em><br \/>Published: T\u00f6rt\u00e9neti F\u00f6ldrajzi K\u00f6zlem\u00e9nyek 2021 1-2. p. 69.<\/p>\r\n<\/div>\r\n<\/div>\r\n<\/div><\/div>\r\n\r\n\r\n\r\n<div class=\"wp-block-group\"><div class=\"wp-block-group__inner-container is-layout-flow wp-block-group-is-layout-flow\">\r\n<div class=\"wp-block-group\"><div class=\"wp-block-group__inner-container is-layout-flow wp-block-group-is-layout-flow\">\r\n<div class=\"wp-block-media-text alignwide is-stacked-on-mobile\" style=\"grid-template-columns: 24% auto;\">\r\n<figure class=\"wp-block-media-text__media\"><a href=\"https:\/\/www.hisgeoarch.eu\/wp-content\/uploads\/2022\/01\/Borsodvm-telepuleshalozat2-scaled.jpg\"><img decoding=\"async\" class=\"wp-image-68 size-full\" src=\"https:\/\/www.hisgeoarch.eu\/wp-content\/uploads\/2022\/01\/Borsodvm-telepuleshalozat2-976x1024.jpg\" alt=\"\" \/><\/a><\/figure>\r\n<div class=\"wp-block-media-text__content\">\r\n<p id=\"the-settlement-network-of-borsod-county-in-the-15th-century\"><strong>The settlement network of Borsod county in the 15th century<\/strong><br \/><em>by G\u00e1bor Cs\u00fcll\u00f6g<\/em><\/p>\r\n\r\n\r\n\r\n<p>&nbsp;<\/p>\r\n<\/div>\r\n<\/div>\r\n<\/div><\/div>\r\n<\/div><\/div>\r\n","protected":false},"excerpt":{"rendered":"<p>Historical landscape types of Borsod county in the 15th centuryby G\u00e1bor Cs\u00fcll\u00f6gPublished: T\u00f6rt\u00e9neti F\u00f6ldrajzi K\u00f6zlem\u00e9nyek 2021 1-2. p. 69. The settlement network of Borsod county in the 15th centuryby G\u00e1bor Cs\u00fcll\u00f6g &nbsp;<\/p>\n","protected":false},"author":1,"featured_media":0,"parent":0,"menu_order":0,"comment_status":"closed","ping_status":"closed","template":"","meta":{"footnotes":""},"class_list":["post-63","page","type-page","status-publish","hentry"],"_links":{"self":[{"href":"https:\/\/www.hisgeoarch.eu\/index.php?rest_route=\/wp\/v2\/pages\/63","targetHints":{"allow":["GET"]}}],"collection":[{"href":"https:\/\/www.hisgeoarch.eu\/index.php?rest_route=\/wp\/v2\/pages"}],"about":[{"href":"https:\/\/www.hisgeoarch.eu\/index.php?rest_route=\/wp\/v2\/types\/page"}],"author":[{"embeddable":true,"href":"https:\/\/www.hisgeoarch.eu\/index.php?rest_route=\/wp\/v2\/users\/1"}],"replies":[{"embeddable":true,"href":"https:\/\/www.hisgeoarch.eu\/index.php?rest_route=%2Fwp%2Fv2%2Fcomments&post=63"}],"version-history":[{"count":8,"href":"https:\/\/www.hisgeoarch.eu\/index.php?rest_route=\/wp\/v2\/pages\/63\/revisions"}],"predecessor-version":[{"id":385,"href":"https:\/\/www.hisgeoarch.eu\/index.php?rest_route=\/wp\/v2\/pages\/63\/revisions\/385"}],"wp:attachment":[{"href":"https:\/\/www.hisgeoarch.eu\/index.php?rest_route=%2Fwp%2Fv2%2Fmedia&parent=63"}],"curies":[{"name":"wp","href":"https:\/\/api.w.org\/{rel}","templated":true}]}}